{"id":555,"date":"2022-04-27T15:14:12","date_gmt":"2022-04-27T15:14:12","guid":{"rendered":"https:\/\/www.sismyk.com\/home\/"},"modified":"2022-04-28T17:01:05","modified_gmt":"2022-04-28T17:01:05","slug":"home","status":"publish","type":"page","link":"https:\/\/www.sismyk.com\/en\/","title":{"rendered":"Home"},"content":{"rendered":"<p>[et_pb_section fb_built=&#8221;1&#8243; _builder_version=&#8221;4.11.2&#8243; _module_preset=&#8221;default&#8221; background_image=&#8221;https:\/\/www.sismyk.com\/wp-content\/uploads\/2021\/10\/fnq_home.jpg&#8221; width=&#8221;100%&#8221; module_alignment=&#8221;center&#8221; min_height=&#8221;300px&#8221; height=&#8221;400px&#8221; custom_margin=&#8221;0px||0px||true|false&#8221; border_width_bottom=&#8221;1px&#8221; border_color_bottom=&#8221;#FFFFFF&#8221; box_shadow_style=&#8221;preset3&#8243; global_colors_info=&#8221;{}&#8221;][\/et_pb_section][et_pb_section fb_built=&#8221;1&#8243; _builder_version=&#8221;4.11.2&#8243; _module_preset=&#8221;default&#8221; background_color=&#8221;#ffffff&#8221; custom_margin=&#8221;0px||||false|false&#8221; custom_padding=&#8221;0px||81px||false|false&#8221; global_colors_info=&#8221;{}&#8221;][et_pb_row _builder_version=&#8221;4.11.2&#8243; _module_preset=&#8221;default&#8221; max_width=&#8221;100%&#8221; custom_margin=&#8221;0px||||false|false&#8221; custom_padding=&#8221;78px||0px||false|false&#8221; global_colors_info=&#8221;{}&#8221;][et_pb_column type=&#8221;4_4&#8243; _builder_version=&#8221;4.11.2&#8243; _module_preset=&#8221;default&#8221; global_colors_info=&#8221;{}&#8221;][et_pb_text _builder_version=&#8221;4.11.2&#8243; _module_preset=&#8221;default&#8221; text_font=&#8221;Roboto|300|||||||&#8221; text_text_color=&#8221;#000000&#8243; text_font_size=&#8221;14px&#8221; global_colors_info=&#8221;{}&#8221;]<\/p>\n<h1>SISMYK, the music division of ComediHa!<\/h1>\n<p>SISMYK\u2014the music division of ComediHa!\u2014is a production house specializing in the creation, production, promotion, and multi-platform distribution of a wide variety of content. This includes festivals, unique and innovative shows featuring various music styles, tours, show tapings, TV series, documentaries, variety shows, and much more.<\/p>\n<p>SISMYK is first and foremost a company dedicated to creativity, and we are currently invested in developing new projects and large-scale cultural events.<\/p>\n<p>Since our foundation, SISMYK has put together such presentations as Madonna\u2019s MDNA Tour in 2012, C\u00e9line Dion on the Plains of Abraham in 2013, and Diana Krall at the Grand Th\u00e9\u00e2tre in 2017. SISMYK has also been behind the Grand spectacle de la F\u00eate Nationale since 2016. At the height of the COVID-19 pandemic at the start of 2021, SISMYK and ComediHa! teamed up with Quebec City to create a web series for young people who were feeling isolated. From this association L\u2019ABRI was born\u2014a space that brings together humour, interviews, and performances while offering support, a listening ear, and comfort. <\/p>\n<p>[\/et_pb_text][\/et_pb_column][\/et_pb_row][\/et_pb_section][et_pb_section fb_built=&#8221;1&#8243; _builder_version=&#8221;4.11.2&#8243; _module_preset=&#8221;default&#8221; background_color=&#8221;RGBA(0,0,0,0)&#8221; background_image=&#8221;https:\/\/www.sismyk.com\/wp-content\/uploads\/2021\/10\/CelineUneSeuleFois0021-1.jpg&#8221; module_alignment=&#8221;center&#8221; min_height=&#8221;600px&#8221; min_height_tablet=&#8221;&#8221; min_height_phone=&#8221;&#8221; min_height_last_edited=&#8221;on|desktop&#8221; custom_margin=&#8221;0px||0px||true|false&#8221; custom_padding=&#8221;80px||0px||false|false&#8221; global_colors_info=&#8221;{}&#8221;][et_pb_row column_structure=&#8221;1_4,1_2,1_4&#8243; _builder_version=&#8221;4.11.2&#8243; _module_preset=&#8221;default&#8221; transform_scale_linked=&#8221;off&#8221; width=&#8221;90%&#8221; max_width=&#8221;100%&#8221; custom_margin=&#8221;0px||0px||true|false&#8221; custom_padding=&#8221;0px||0px||true|false&#8221; global_colors_info=&#8221;{}&#8221;][et_pb_column type=&#8221;1_4&#8243; _builder_version=&#8221;4.11.2&#8243; _module_preset=&#8221;default&#8221; global_colors_info=&#8221;{}&#8221;][\/et_pb_column][et_pb_column type=&#8221;1_2&#8243; _builder_version=&#8221;4.11.2&#8243; _module_preset=&#8221;default&#8221; global_colors_info=&#8221;{}&#8221;][et_pb_video src=&#8221;https:\/\/www.sismyk.com\/wp-content\/uploads\/2022\/01\/sismyk_promo.mp4&#8243; image_src=&#8221;https:\/\/www.sismyk.com\/wp-content\/uploads\/2021\/10\/SISMYK_-2021-high.gif&#8221; play_icon_color=&#8221;#FFFFFF&#8221; thumbnail_overlay_color=&#8221;rgba(10,10,10,0.6)&#8221; _builder_version=&#8221;4.11.2&#8243; _module_preset=&#8221;default&#8221; width=&#8221;100%&#8221; width_tablet=&#8221;100%&#8221; width_phone=&#8221;100%&#8221; width_last_edited=&#8221;on|tablet&#8221; max_width_tablet=&#8221;&#8221; max_width_phone=&#8221;100%&#8221; max_width_last_edited=&#8221;on|desktop&#8221; module_alignment=&#8221;center&#8221; custom_margin=&#8221;11px||||false|false&#8221; hover_enabled=&#8221;0&#8243; global_colors_info=&#8221;{}&#8221; title_text=&#8221;sismyk_promo&#8221; sticky_enabled=&#8221;0&#8243;][\/et_pb_video][\/et_pb_column][et_pb_column type=&#8221;1_4&#8243; _builder_version=&#8221;4.11.2&#8243; _module_preset=&#8221;default&#8221; global_colors_info=&#8221;{}&#8221;][\/et_pb_column][\/et_pb_row][et_pb_row column_structure=&#8221;1_4,1_2,1_4&#8243; _builder_version=&#8221;4.11.2&#8243; _module_preset=&#8221;default&#8221; width=&#8221;100%&#8221; max_width=&#8221;100%&#8221; module_alignment=&#8221;center&#8221; custom_margin=&#8221;0px||0px||true|false&#8221; custom_padding=&#8221;0px||0px||true|&#8221; global_colors_info=&#8221;{}&#8221;][et_pb_column type=&#8221;1_4&#8243; _builder_version=&#8221;4.11.2&#8243; _module_preset=&#8221;default&#8221; global_colors_info=&#8221;{}&#8221;][\/et_pb_column][et_pb_column type=&#8221;1_2&#8243; _builder_version=&#8221;4.11.2&#8243; _module_preset=&#8221;default&#8221; global_colors_info=&#8221;{}&#8221;][et_pb_text disabled_on=&#8221;off|on|off&#8221; _builder_version=&#8221;4.11.2&#8243; _module_preset=&#8221;default&#8221; text_font=&#8221;Roboto|300|||||||&#8221; text_text_color=&#8221;rgba(255,255,255,0.8)&#8221; text_font_size=&#8221;30px&#8221; text_line_height=&#8221;1.3em&#8221; background_color=&#8221;rgba(10,10,10,0.66)&#8221; width=&#8221;90%&#8221; max_width_tablet=&#8221;&#8221; max_width_phone=&#8221;&#8221; max_width_last_edited=&#8221;on|desktop&#8221; module_alignment=&#8221;center&#8221; min_height=&#8221;100px&#8221; height=&#8221;435px&#8221; overflow-x=&#8221;hidden&#8221; custom_margin=&#8221;0px||||false|false&#8221; custom_padding=&#8221;0px||0px||true|false&#8221; text_text_shadow_style=&#8221;preset2&#8243; global_colors_info=&#8221;{}&#8221;]<\/p>\n<p style=\"text-align: center;\"><strong><\/strong><\/p>\n<p style=\"text-align: center;\">LEADER IN<br \/>UNIQUE EVENT PRODUCTIONS<\/p>\n<p>[\/et_pb_text][\/et_pb_column][et_pb_column type=&#8221;1_4&#8243; _builder_version=&#8221;4.11.2&#8243; _module_preset=&#8221;default&#8221; global_colors_info=&#8221;{}&#8221;][\/et_pb_column][\/et_pb_row][\/et_pb_section]<\/p>\n","protected":false},"excerpt":{"rendered":"<p>SISMYK, the music division of ComediHa! SISMYK\u2014the music division of ComediHa!\u2014is a production house specializing in the creation, production, promotion, and multi-platform distribution of a wide variety of content. This includes festivals, unique and innovative shows featuring various music styles, tours, show tapings, TV series, documentaries, variety shows, and much more. SISMYK is first and [&hellip;]<\/p>\n","protected":false},"author":1,"featured_media":0,"parent":0,"menu_order":0,"comment_status":"closed","ping_status":"closed","template":"","meta":{"_et_pb_use_builder":"on","_et_pb_old_content":"","_et_gb_content_width":"","footnotes":""},"class_list":["post-555","page","type-page","status-publish","hentry"],"yoast_head":"<!-- This site is optimized with the Yoast SEO plugin v23.7 - https:\/\/yoast.com\/wordpress\/plugins\/seo\/ -->\n<title>Home - Sismyk<\/title>\n<meta name=\"robots\" content=\"noindex, follow, max-snippet:-1, max-image-preview:large, max-video-preview:-1\" \/>\n<meta property=\"og:locale\" content=\"en_US\" \/>\n<meta property=\"og:type\" content=\"article\" \/>\n<meta property=\"og:title\" content=\"Home - Sismyk\" \/>\n<meta property=\"og:description\" content=\"SISMYK, the music division of ComediHa! SISMYK\u2014the music division of ComediHa!\u2014is a production house specializing in the creation, production, promotion, and multi-platform distribution of a wide variety of content. This includes festivals, unique and innovative shows featuring various music styles, tours, show tapings, TV series, documentaries, variety shows, and much more. SISMYK is first and [&hellip;]\" \/>\n<meta property=\"og:url\" content=\"https:\/\/www.sismyk.com\/en\/\" \/>\n<meta property=\"og:site_name\" content=\"Sismyk\" \/>\n<meta property=\"article:modified_time\" content=\"2022-04-28T17:01:05+00:00\" \/>\n<meta name=\"twitter:card\" content=\"summary_large_image\" \/>\n<meta name=\"twitter:label1\" content=\"Est. reading time\" \/>\n\t<meta name=\"twitter:data1\" content=\"4 minutes\" \/>\n<script type=\"application\/ld+json\" class=\"yoast-schema-graph\">{\"@context\":\"https:\/\/schema.org\",\"@graph\":[{\"@type\":\"WebPage\",\"@id\":\"https:\/\/www.sismyk.com\/en\/\",\"url\":\"https:\/\/www.sismyk.com\/en\/\",\"name\":\"Home - Sismyk\",\"isPartOf\":{\"@id\":\"https:\/\/www.sismyk.com\/en\/#website\"},\"datePublished\":\"2022-04-27T15:14:12+00:00\",\"dateModified\":\"2022-04-28T17:01:05+00:00\",\"breadcrumb\":{\"@id\":\"https:\/\/www.sismyk.com\/en\/#breadcrumb\"},\"inLanguage\":\"en-US\",\"potentialAction\":[{\"@type\":\"ReadAction\",\"target\":[\"https:\/\/www.sismyk.com\/en\/\"]}]},{\"@type\":\"BreadcrumbList\",\"@id\":\"https:\/\/www.sismyk.com\/en\/#breadcrumb\",\"itemListElement\":[{\"@type\":\"ListItem\",\"position\":1,\"name\":\"Accueil\",\"item\":\"https:\/\/www.sismyk.com\/en\/\"},{\"@type\":\"ListItem\",\"position\":2,\"name\":\"Home\"}]},{\"@type\":\"WebSite\",\"@id\":\"https:\/\/www.sismyk.com\/en\/#website\",\"url\":\"https:\/\/www.sismyk.com\/en\/\",\"name\":\"Sismyk\",\"description\":\"LA DIVISION MUSICALE DE COMEDIHA!\",\"publisher\":{\"@id\":\"https:\/\/www.sismyk.com\/en\/#organization\"},\"potentialAction\":[{\"@type\":\"SearchAction\",\"target\":{\"@type\":\"EntryPoint\",\"urlTemplate\":\"https:\/\/www.sismyk.com\/en\/?s={search_term_string}\"},\"query-input\":{\"@type\":\"PropertyValueSpecification\",\"valueRequired\":true,\"valueName\":\"search_term_string\"}}],\"inLanguage\":\"en-US\"},{\"@type\":\"Organization\",\"@id\":\"https:\/\/www.sismyk.com\/en\/#organization\",\"name\":\"Sismyk\",\"url\":\"https:\/\/www.sismyk.com\/en\/\",\"logo\":{\"@type\":\"ImageObject\",\"inLanguage\":\"en-US\",\"@id\":\"https:\/\/www.sismyk.com\/en\/#\/schema\/logo\/image\/\",\"url\":\"https:\/\/www.sismyk.com\/wp-content\/uploads\/2024\/06\/sismyk.png\",\"contentUrl\":\"https:\/\/www.sismyk.com\/wp-content\/uploads\/2024\/06\/sismyk.png\",\"width\":1080,\"height\":1080,\"caption\":\"Sismyk\"},\"image\":{\"@id\":\"https:\/\/www.sismyk.com\/en\/#\/schema\/logo\/image\/\"}}]}<\/script>\n<!-- \/ Yoast SEO plugin. -->","yoast_head_json":{"title":"Home - Sismyk","robots":{"index":"noindex","follow":"follow","max-snippet":"max-snippet:-1","max-image-preview":"max-image-preview:large","max-video-preview":"max-video-preview:-1"},"og_locale":"en_US","og_type":"article","og_title":"Home - Sismyk","og_description":"SISMYK, the music division of ComediHa! SISMYK\u2014the music division of ComediHa!\u2014is a production house specializing in the creation, production, promotion, and multi-platform distribution of a wide variety of content. This includes festivals, unique and innovative shows featuring various music styles, tours, show tapings, TV series, documentaries, variety shows, and much more. SISMYK is first and [&hellip;]","og_url":"https:\/\/www.sismyk.com\/en\/","og_site_name":"Sismyk","article_modified_time":"2022-04-28T17:01:05+00:00","twitter_card":"summary_large_image","twitter_misc":{"Est. reading time":"4 minutes"},"schema":{"@context":"https:\/\/schema.org","@graph":[{"@type":"WebPage","@id":"https:\/\/www.sismyk.com\/en\/","url":"https:\/\/www.sismyk.com\/en\/","name":"Home - Sismyk","isPartOf":{"@id":"https:\/\/www.sismyk.com\/en\/#website"},"datePublished":"2022-04-27T15:14:12+00:00","dateModified":"2022-04-28T17:01:05+00:00","breadcrumb":{"@id":"https:\/\/www.sismyk.com\/en\/#breadcrumb"},"inLanguage":"en-US","potentialAction":[{"@type":"ReadAction","target":["https:\/\/www.sismyk.com\/en\/"]}]},{"@type":"BreadcrumbList","@id":"https:\/\/www.sismyk.com\/en\/#breadcrumb","itemListElement":[{"@type":"ListItem","position":1,"name":"Accueil","item":"https:\/\/www.sismyk.com\/en\/"},{"@type":"ListItem","position":2,"name":"Home"}]},{"@type":"WebSite","@id":"https:\/\/www.sismyk.com\/en\/#website","url":"https:\/\/www.sismyk.com\/en\/","name":"Sismyk","description":"LA DIVISION MUSICALE DE COMEDIHA!","publisher":{"@id":"https:\/\/www.sismyk.com\/en\/#organization"},"potentialAction":[{"@type":"SearchAction","target":{"@type":"EntryPoint","urlTemplate":"https:\/\/www.sismyk.com\/en\/?s={search_term_string}"},"query-input":{"@type":"PropertyValueSpecification","valueRequired":true,"valueName":"search_term_string"}}],"inLanguage":"en-US"},{"@type":"Organization","@id":"https:\/\/www.sismyk.com\/en\/#organization","name":"Sismyk","url":"https:\/\/www.sismyk.com\/en\/","logo":{"@type":"ImageObject","inLanguage":"en-US","@id":"https:\/\/www.sismyk.com\/en\/#\/schema\/logo\/image\/","url":"https:\/\/www.sismyk.com\/wp-content\/uploads\/2024\/06\/sismyk.png","contentUrl":"https:\/\/www.sismyk.com\/wp-content\/uploads\/2024\/06\/sismyk.png","width":1080,"height":1080,"caption":"Sismyk"},"image":{"@id":"https:\/\/www.sismyk.com\/en\/#\/schema\/logo\/image\/"}}]}},"_links":{"self":[{"href":"https:\/\/www.sismyk.com\/en\/wp-json\/wp\/v2\/pages\/555","targetHints":{"allow":["GET"]}}],"collection":[{"href":"https:\/\/www.sismyk.com\/en\/wp-json\/wp\/v2\/pages"}],"about":[{"href":"https:\/\/www.sismyk.com\/en\/wp-json\/wp\/v2\/types\/page"}],"author":[{"embeddable":true,"href":"https:\/\/www.sismyk.com\/en\/wp-json\/wp\/v2\/users\/1"}],"replies":[{"embeddable":true,"href":"https:\/\/www.sismyk.com\/en\/wp-json\/wp\/v2\/comments?post=555"}],"version-history":[{"count":20,"href":"https:\/\/www.sismyk.com\/en\/wp-json\/wp\/v2\/pages\/555\/revisions"}],"predecessor-version":[{"id":647,"href":"https:\/\/www.sismyk.com\/en\/wp-json\/wp\/v2\/pages\/555\/revisions\/647"}],"wp:attachment":[{"href":"https:\/\/www.sismyk.com\/en\/wp-json\/wp\/v2\/media?parent=555"}],"curies":[{"name":"wp","href":"https:\/\/api.w.org\/{rel}","templated":true}]}}